{"id":2,"date":"2024-05-21T23:30:16","date_gmt":"2024-05-21T23:30:16","guid":{"rendered":"http:\/\/localhost\/wordpress\/?page_id=2"},"modified":"2024-11-26T23:02:11","modified_gmt":"2024-11-26T23:02:11","slug":"cintatex","status":"publish","type":"page","link":"https:\/\/cintatex.com.ar\/principal\/","title":{"rendered":"Cintatex"},"content":{"rendered":"\t\t<div data-elementor-type=\"wp-page\" data-elementor-id=\"2\" class=\"elementor elementor-2\">\n\t\t\t\t<div class=\"elementor-element elementor-element-71d97ca4 elementor-hidden-tablet elementor-hidden-mobile e-flex e-con-boxed e-con e-parent\" data-id=\"71d97ca4\" data-element_type=\"container\" data-e-type=\"container\">\n\t\t\t\t\t<div class=\"e-con-inner\">\n\t\t<div class=\"elementor-element elementor-element-f25e8c7 e-flex e-con-boxed e-con e-child\" data-id=\"f25e8c7\" data-element_type=\"container\" data-e-type=\"container\">\n\t\t\t\t\t<div class=\"e-con-inner\">\n\t\t\t\t<div class=\"elementor-element elementor-element-c26b20e elementor-widget elementor-widget-heading\" data-id=\"c26b20e\" data-element_type=\"widget\" data-e-type=\"widget\" data-widget_type=\"heading.default\">\n\t\t\t\t<div class=\"elementor-widget-container\">\n\t\t\t\t\t<h1 class=\"elementor-heading-title elementor-size-default\">CINTAS<\/h1>\t\t\t\t<\/div>\n\t\t\t\t<\/div>\n\t\t\t\t<div class=\"elementor-element elementor-element-061f020 elementor-widget elementor-widget-heading\" data-id=\"061f020\" data-element_type=\"widget\" data-e-type=\"widget\" data-widget_type=\"heading.default\">\n\t\t\t\t<div class=\"elementor-widget-container\">\n\t\t\t\t\t<h1 class=\"elementor-heading-title elementor-size-default\">TEXTILES<\/h1>\t\t\t\t<\/div>\n\t\t\t\t<\/div>\n\t\t<div class=\"elementor-element elementor-element-f4d0346 e-con-full elementor-hidden-tablet elementor-hidden-mobile e-flex e-con e-child\" data-id=\"f4d0346\" data-element_type=\"container\" data-e-type=\"container\" data-settings=\"{&quot;position&quot;:&quot;absolute&quot;}\">\n\t\t\t\t<div class=\"elementor-element elementor-element-bd2bdf1 elementor-widget__width-inherit elementor-hidden-desktop elementor-widget elementor-widget-image\" data-id=\"bd2bdf1\" data-element_type=\"widget\" data-e-type=\"widget\" data-widget_type=\"image.default\">\n\t\t\t\t<div class=\"elementor-widget-container\">\n\t\t\t\t\t\t\t\t\t\t\t\t\t\t\t<img fetchpriority=\"high\" decoding=\"async\" width=\"4032\" height=\"1968\" src=\"https:\/\/cintatex.com.ar\/principal\/wp-content\/uploads\/2024\/05\/cinta-roja-1.png\" class=\"attachment-full size-full wp-image-97\" alt=\"\" \/>\t\t\t\t\t\t\t\t\t\t\t\t\t\t\t<\/div>\n\t\t\t\t<\/div>\n\t\t\t\t<\/div>\n\t\t<div class=\"elementor-element elementor-element-f83e7f3 e-con-full elementor-hidden-tablet elementor-hidden-mobile e-flex e-con e-child\" data-id=\"f83e7f3\" data-element_type=\"container\" data-e-type=\"container\" data-settings=\"{&quot;position&quot;:&quot;absolute&quot;}\">\n\t\t\t\t<div class=\"elementor-element elementor-element-ab29352 elementor-widget__width-inherit elementor-widget elementor-widget-image\" data-id=\"ab29352\" data-element_type=\"widget\" data-e-type=\"widget\" data-widget_type=\"image.default\">\n\t\t\t\t<div class=\"elementor-widget-container\">\n\t\t\t\t\t\t\t\t\t\t\t\t\t\t\t<img decoding=\"async\" width=\"1920\" height=\"760\" src=\"https:\/\/cintatex.com.ar\/principal\/wp-content\/uploads\/2024\/11\/CintaRoja2.png\" class=\"attachment-full size-full wp-image-2293\" alt=\"\" srcset=\"https:\/\/cintatex.com.ar\/principal\/wp-content\/uploads\/2024\/11\/CintaRoja2.png 1920w, https:\/\/cintatex.com.ar\/principal\/wp-content\/uploads\/2024\/11\/CintaRoja2-300x119.png 300w, https:\/\/cintatex.com.ar\/principal\/wp-content\/uploads\/2024\/11\/CintaRoja2-1024x405.png 1024w, https:\/\/cintatex.com.ar\/principal\/wp-content\/uploads\/2024\/11\/CintaRoja2-768x304.png 768w, https:\/\/cintatex.com.ar\/principal\/wp-content\/uploads\/2024\/11\/CintaRoja2-1536x608.png 1536w, https:\/\/cintatex.com.ar\/principal\/wp-content\/uploads\/2024\/11\/CintaRoja2-600x238.png 600w\" sizes=\"(max-width: 1920px) 100vw, 1920px\" \/>\t\t\t\t\t\t\t\t\t\t\t\t\t\t\t<\/div>\n\t\t\t\t<\/div>\n\t\t\t\t<\/div>\n\t\t\t\t\t<\/div>\n\t\t\t\t<\/div>\n\t\t\t\t\t<\/div>\n\t\t\t\t<\/div>\n\t\t<div class=\"elementor-element elementor-element-bc765da elementor-hidden-desktop e-flex e-con-boxed e-con e-parent\" data-id=\"bc765da\" data-element_type=\"container\" data-e-type=\"container\">\n\t\t\t\t\t<div class=\"e-con-inner\">\n\t\t<div class=\"elementor-element elementor-element-9368c59 e-flex e-con-boxed e-con e-child\" data-id=\"9368c59\" data-element_type=\"container\" data-e-type=\"container\">\n\t\t\t\t\t<div class=\"e-con-inner\">\n\t\t\t\t<div class=\"elementor-element elementor-element-dbebe1e elementor-widget elementor-widget-heading\" data-id=\"dbebe1e\" data-element_type=\"widget\" data-e-type=\"widget\" data-widget_type=\"heading.default\">\n\t\t\t\t<div class=\"elementor-widget-container\">\n\t\t\t\t\t<h1 class=\"elementor-heading-title elementor-size-default\">CINTAS<\/h1>\t\t\t\t<\/div>\n\t\t\t\t<\/div>\n\t\t\t\t<div class=\"elementor-element elementor-element-deadd52 elementor-widget elementor-widget-heading\" data-id=\"deadd52\" data-element_type=\"widget\" data-e-type=\"widget\" data-widget_type=\"heading.default\">\n\t\t\t\t<div class=\"elementor-widget-container\">\n\t\t\t\t\t<h1 class=\"elementor-heading-title elementor-size-default\">TEXTILES<\/h1>\t\t\t\t<\/div>\n\t\t\t\t<\/div>\n\t\t<div class=\"elementor-element elementor-element-f037e3e e-con-full elementor-hidden-desktop e-flex e-con e-child\" data-id=\"f037e3e\" data-element_type=\"container\" data-e-type=\"container\" data-settings=\"{&quot;position&quot;:&quot;absolute&quot;}\">\n\t\t\t\t<div class=\"elementor-element elementor-element-7774b0b elementor-widget__width-inherit elementor-widget elementor-widget-image\" data-id=\"7774b0b\" data-element_type=\"widget\" data-e-type=\"widget\" data-widget_type=\"image.default\">\n\t\t\t\t<div class=\"elementor-widget-container\">\n\t\t\t\t\t\t\t\t\t\t\t\t\t\t\t<img fetchpriority=\"high\" decoding=\"async\" width=\"4032\" height=\"1968\" src=\"https:\/\/cintatex.com.ar\/principal\/wp-content\/uploads\/2024\/05\/cinta-roja-1.png\" class=\"attachment-full size-full wp-image-97\" alt=\"\" \/>\t\t\t\t\t\t\t\t\t\t\t\t\t\t\t<\/div>\n\t\t\t\t<\/div>\n\t\t\t\t<\/div>\n\t\t<div class=\"elementor-element elementor-element-38c8e52 e-con-full elementor-hidden-tablet elementor-hidden-mobile e-flex e-con e-child\" data-id=\"38c8e52\" data-element_type=\"container\" data-e-type=\"container\" data-settings=\"{&quot;position&quot;:&quot;absolute&quot;}\">\n\t\t\t\t<div class=\"elementor-element elementor-element-649edbd elementor-widget__width-inherit elementor-widget elementor-widget-image\" data-id=\"649edbd\" data-element_type=\"widget\" data-e-type=\"widget\" data-widget_type=\"image.default\">\n\t\t\t\t<div class=\"elementor-widget-container\">\n\t\t\t\t\t\t\t\t\t\t\t\t\t\t\t<img decoding=\"async\" width=\"1920\" height=\"760\" src=\"https:\/\/cintatex.com.ar\/principal\/wp-content\/uploads\/2024\/11\/CintaRoja2.png\" class=\"attachment-full size-full wp-image-2293\" alt=\"\" srcset=\"https:\/\/cintatex.com.ar\/principal\/wp-content\/uploads\/2024\/11\/CintaRoja2.png 1920w, https:\/\/cintatex.com.ar\/principal\/wp-content\/uploads\/2024\/11\/CintaRoja2-300x119.png 300w, https:\/\/cintatex.com.ar\/principal\/wp-content\/uploads\/2024\/11\/CintaRoja2-1024x405.png 1024w, https:\/\/cintatex.com.ar\/principal\/wp-content\/uploads\/2024\/11\/CintaRoja2-768x304.png 768w, https:\/\/cintatex.com.ar\/principal\/wp-content\/uploads\/2024\/11\/CintaRoja2-1536x608.png 1536w, https:\/\/cintatex.com.ar\/principal\/wp-content\/uploads\/2024\/11\/CintaRoja2-600x238.png 600w\" sizes=\"(max-width: 1920px) 100vw, 1920px\" \/>\t\t\t\t\t\t\t\t\t\t\t\t\t\t\t<\/div>\n\t\t\t\t<\/div>\n\t\t\t\t<\/div>\n\t\t\t\t\t<\/div>\n\t\t\t\t<\/div>\n\t\t\t\t\t<\/div>\n\t\t\t\t<\/div>\n\t\t<div class=\"elementor-element elementor-element-5bf509e e-flex e-con-boxed e-con e-parent\" data-id=\"5bf509e\" data-element_type=\"container\" data-e-type=\"container\">\n\t\t\t\t\t<div class=\"e-con-inner\">\n\t\t<div class=\"elementor-element elementor-element-6faf323 e-flex e-con-boxed e-con e-child\" data-id=\"6faf323\" data-element_type=\"container\" data-e-type=\"container\">\n\t\t\t\t\t<div class=\"e-con-inner\">\n\t\t<div class=\"elementor-element elementor-element-e39aa28 e-flex e-con-boxed e-con e-child\" data-id=\"e39aa28\" data-element_type=\"container\" data-e-type=\"container\">\n\t\t\t\t\t<div class=\"e-con-inner\">\n\t\t\t\t<div class=\"elementor-element elementor-element-c6e5469 elementor-widget elementor-widget-heading\" data-id=\"c6e5469\" data-element_type=\"widget\" data-e-type=\"widget\" data-widget_type=\"heading.default\">\n\t\t\t\t<div class=\"elementor-widget-container\">\n\t\t\t\t\t<h3 class=\"elementor-heading-title elementor-size-default\">PRODUCTOS<\/h3>\t\t\t\t<\/div>\n\t\t\t\t<\/div>\n\t\t\t\t<div class=\"elementor-element elementor-element-619bba8 elementor-widget elementor-widget-heading\" data-id=\"619bba8\" data-element_type=\"widget\" data-e-type=\"widget\" data-widget_type=\"heading.default\">\n\t\t\t\t<div class=\"elementor-widget-container\">\n\t\t\t\t\t<h3 class=\"elementor-heading-title elementor-size-default\">DESTACADOS<\/h3>\t\t\t\t<\/div>\n\t\t\t\t<\/div>\n\t\t\t\t\t<\/div>\n\t\t\t\t<\/div>\n\t\t\t\t\t<\/div>\n\t\t\t\t<\/div>\n\t\t<div class=\"elementor-element elementor-element-db2f1d1 e-flex e-con-boxed e-con e-child\" data-id=\"db2f1d1\" data-element_type=\"container\" data-e-type=\"container\">\n\t\t\t\t\t<div class=\"e-con-inner\">\n\t\t\t\t<div class=\"elementor-element elementor-element-30b38a4 eael-product-gallery-column-3 elementor-widget elementor-widget-eael-woo-product-gallery\" data-id=\"30b38a4\" data-element_type=\"widget\" data-e-type=\"widget\" data-settings=\"{&quot;eael_product_gallery_column&quot;:&quot;3&quot;}\" data-widget_type=\"eael-woo-product-gallery.default\">\n\t\t\t\t<div class=\"elementor-widget-container\">\n\t\t\t\t\t\n        <div class=\"eael-product-gallery eael-product-preset-1 masonry eael-terms-layout-horizontal\" id=\"eael-product-gallery\" data-widget-id=\"30b38a4\" data-page-id=\"2\" data-nonce=\"f0d5cba668\" >\n\t\t\t\n            <div class=\"woocommerce\">\n\t\t\t\t<ul class=\"products eael-post-appender eael-post-appender-30b38a4\" data-layout-mode=\"masonry\" data-ssi-desktop=\"no\" >\n<li class=\"product  post-1548 type-product status-publish has-post-thumbnail product_cat-cintas first instock featured shipping-taxable purchasable product-type-variable\">\n<div class=\"eael-product-wrap\" data-src=\"\" data-src-hover=\"\" >\n        <div class=\"product-image-wrap\">\n        <div class=\"image-wrap\">\n            <a href=\"https:\/\/cintatex.com.ar\/principal\/producto\/raso-doble-faz\/\" class=\"woocommerce-LoopProduct-link woocommerce-loop-product__link\"><img decoding=\"async\" width=\"300\" height=\"231\" src=\"https:\/\/cintatex.com.ar\/principal\/wp-content\/uploads\/2024\/05\/portada-raso-doble-faz-1.jpg\" class=\"attachment-medium size-medium\" alt=\"RASO DOBLE FAZ\" loading=\"eager\" \/><\/a>        <\/div>\n        <div class=\"image-hover-wrap\">\n            <ul class=\"icons-wrap over-box-style\">\n                                                            <\/ul>\n        <\/div>\n    <\/div>\n    <div class=\"product-details-wrap\">\n                <div class=\"eael-product-title\">\n            <a href=\"https:\/\/cintatex.com.ar\/principal\/producto\/raso-doble-faz\/\" class=\"woocommerce-LoopProduct-link woocommerce-loop-product__link\"><h2>RASO DOBLE FAZ<\/h2><\/a>        <\/div>\n    <\/div>\n\n    <\/div>\n<\/li>\n<li class=\"product  post-1763 type-product status-publish has-post-thumbnail product_cat-cintas product_cat-uncategorized instock featured shipping-taxable purchasable product-type-variable\">\n<div class=\"eael-product-wrap\" data-src=\"\" data-src-hover=\"\" >\n        <div class=\"product-image-wrap\">\n        <div class=\"image-wrap\">\n            <a href=\"https:\/\/cintatex.com.ar\/principal\/producto\/falletina\/\" class=\"woocommerce-LoopProduct-link woocommerce-loop-product__link\"><img decoding=\"async\" width=\"300\" height=\"231\" src=\"https:\/\/cintatex.com.ar\/principal\/wp-content\/uploads\/2024\/06\/portada-falletina.jpg\" class=\"attachment-medium size-medium\" alt=\"FALLETINA\" loading=\"eager\" \/><\/a>        <\/div>\n        <div class=\"image-hover-wrap\">\n            <ul class=\"icons-wrap over-box-style\">\n                                                            <\/ul>\n        <\/div>\n    <\/div>\n    <div class=\"product-details-wrap\">\n                <div class=\"eael-product-title\">\n            <a href=\"https:\/\/cintatex.com.ar\/principal\/producto\/falletina\/\" class=\"woocommerce-LoopProduct-link woocommerce-loop-product__link\"><h2>FALLETINA<\/h2><\/a>        <\/div>\n    <\/div>\n\n    <\/div>\n<\/li>\n<li class=\"product  post-822 type-product status-publish has-post-thumbnail product_cat-uncategorized last instock featured shipping-taxable purchasable product-type-variable\">\n<div class=\"eael-product-wrap\" data-src=\"\" data-src-hover=\"\" >\n        <div class=\"product-image-wrap\">\n        <div class=\"image-wrap\">\n            <a href=\"https:\/\/cintatex.com.ar\/principal\/producto\/pasamaneria-con-lurex-copy\/\" class=\"woocommerce-LoopProduct-link woocommerce-loop-product__link\"><img decoding=\"async\" width=\"300\" height=\"231\" src=\"https:\/\/cintatex.com.ar\/principal\/wp-content\/uploads\/2024\/06\/portada-gros.jpg\" class=\"attachment-medium size-medium\" alt=\"GROS\" loading=\"eager\" \/><\/a>        <\/div>\n        <div class=\"image-hover-wrap\">\n            <ul class=\"icons-wrap over-box-style\">\n                                                            <\/ul>\n        <\/div>\n    <\/div>\n    <div class=\"product-details-wrap\">\n                <div class=\"eael-product-title\">\n            <a href=\"https:\/\/cintatex.com.ar\/principal\/producto\/pasamaneria-con-lurex-copy\/\" class=\"woocommerce-LoopProduct-link woocommerce-loop-product__link\"><h2>GROS<\/h2><\/a>        <\/div>\n    <\/div>\n\n    <\/div>\n<\/li><\/ul>            <div class=\"eael-load-more-button-wrap eael-force-hide\">\n                <button class=\"hide-load-more eael-load-more-button\" id=\"eael-load-more-btn-30b38a4\" data-widget-id=\"30b38a4\" data-widget=\"30b38a4\" data-page-id=\"2\" data-template=\"{&quot;dir&quot;:&quot;lite&quot;,&quot;file_name&quot;:&quot;preset-1.php&quot;,&quot;name&quot;:&quot;Woo-Product-Gallery&quot;}\" data-class=\"Essential_Addons_Elementor\\Elements\\Woo_Product_Gallery\" data-layout=\"masonry\" data-page=\"1\" data-args=\"post_type=product&amp;post_status%5B0%5D=publish&amp;post_status%5B1%5D=pending&amp;post_status%5B2%5D=future&amp;posts_per_page=3&amp;order=asc&amp;offset=0&amp;tax_query%5Brelation%5D=AND&amp;tax_query%5B0%5D%5Btaxonomy%5D=product_visibility&amp;tax_query%5B0%5D%5Bfield%5D=name&amp;tax_query%5B0%5D%5Bterms%5D=featured&amp;tax_query%5B1%5D%5Btaxonomy%5D=product_visibility&amp;tax_query%5B1%5D%5Bfield%5D=name&amp;tax_query%5B1%5D%5Bterms%5D%5B0%5D=exclude-from-search&amp;tax_query%5B1%5D%5Bterms%5D%5B1%5D=exclude-from-catalog&amp;tax_query%5B1%5D%5Boperator%5D=NOT+IN&amp;orderby=menu_order&amp;meta_query%5Brelation%5D=AND\" data-max-page=\"1\">\n                    <span class=\"eael-btn-loader button__loader\"><\/span>\n                    <span class=\"eael_load_more_text\"><\/span>\n                <\/button>\n            <\/div>\n                        <\/div>\n        <\/div>\n        <script type=\"text\/javascript\">\n\t\t\tjQuery(document).ready(function ($) {\n\t\t\t\tvar $scope = jQuery(\".elementor-element-30b38a4\");\n\t\t\t\tvar $products = $('.products', $scope);\n\t\t\t\tvar $layout_mode = $products.data('layout-mode');\n\n\t\t\t\tif ($layout_mode === 'masonry') {\n\t\t\t\t\t\/\/ init isotope\n\t\t\t\t\tvar $isotope_products = $products.isotope({ itemSelector: \"li.product\", layoutMode: $layout_mode, percentPosition: true });\n\t\t\t\t\t$isotope_products.imagesLoaded().progress(function () {\n\t\t\t\t\t\t$isotope_products.isotope('layout');\n\t\t\t\t\t})\n\n\t\t\t\t\t$(window).on('resize', function () {\n\t\t\t\t\t\t$isotope_products.isotope('layout');\n\t\t\t\t\t});\n\t\t\t\t}\n\t\t\t});\n        <\/script>\n\t\t\t\t\t\t<\/div>\n\t\t\t\t<\/div>\n\t\t\t\t\t<\/div>\n\t\t\t\t<\/div>\n\t\t\t\t\t<\/div>\n\t\t\t\t<\/div>\n\t\t<div class=\"elementor-element elementor-element-0f4fa5b e-flex e-con-boxed e-con e-parent\" data-id=\"0f4fa5b\" data-element_type=\"container\" data-e-type=\"container\">\n\t\t\t\t\t<div class=\"e-con-inner\">\n\t\t\t\t<div class=\"elementor-element elementor-element-9e91338 elementor-widget elementor-widget-heading\" data-id=\"9e91338\" data-element_type=\"widget\" data-e-type=\"widget\" data-widget_type=\"heading.default\">\n\t\t\t\t<div class=\"elementor-widget-container\">\n\t\t\t\t\t<h2 class=\"elementor-heading-title elementor-size-default\">CINTATEX SRL<\/h2>\t\t\t\t<\/div>\n\t\t\t\t<\/div>\n\t\t<div class=\"elementor-element elementor-element-d7bce03 e-con-full e-grid e-con e-child\" data-id=\"d7bce03\" data-element_type=\"container\" data-e-type=\"container\">\n\t\t\t\t<div class=\"elementor-element elementor-element-eef9c88 elementor-hidden-mobile elementor-widget elementor-widget-image\" data-id=\"eef9c88\" data-element_type=\"widget\" data-e-type=\"widget\" data-widget_type=\"image.default\">\n\t\t\t\t<div class=\"elementor-widget-container\">\n\t\t\t\t\t\t\t\t\t\t\t\t\t\t\t<img decoding=\"async\" width=\"480\" height=\"640\" src=\"https:\/\/cintatex.com.ar\/principal\/wp-content\/uploads\/2024\/05\/fabrica.jpg\" class=\"attachment-large size-large wp-image-102\" alt=\"\" \/>\t\t\t\t\t\t\t\t\t\t\t\t\t\t\t<\/div>\n\t\t\t\t<\/div>\n\t\t<div class=\"elementor-element elementor-element-ff0c4ba e-con-full e-grid e-con e-child\" data-id=\"ff0c4ba\" data-element_type=\"container\" data-e-type=\"container\">\n\t\t\t\t<div class=\"elementor-element elementor-element-c6ccb35 elementor-widget__width-inherit elementor-widget elementor-widget-text-editor\" data-id=\"c6ccb35\" data-element_type=\"widget\" data-e-type=\"widget\" data-widget_type=\"text-editor.default\">\n\t\t\t\t<div class=\"elementor-widget-container\">\n\t\t\t\t\t\t\t\t\t<p>Desde 1946, nuestra familia ha estado comprometida con la tradici\u00f3n y la calidad en la fabricaci\u00f3n de cintas textiles, un legado que ha perdurado a lo largo de los a\u00f1os. Nos seguimos adaptando a los cambios del mercado sin perder la esencia de nuestro oficio.<\/p><p>\u00a1Te invitamos a leer nuestra historia!<\/p>\t\t\t\t\t\t\t\t<\/div>\n\t\t\t\t<\/div>\n\t\t\t\t<div class=\"elementor-element elementor-element-a6daa01 elementor-align-right elementor-tablet-align-center elementor-widget__width-inherit elementor-widget elementor-widget-button\" data-id=\"a6daa01\" data-element_type=\"widget\" data-e-type=\"widget\" data-widget_type=\"button.default\">\n\t\t\t\t<div class=\"elementor-widget-container\">\n\t\t\t\t\t\t\t\t\t<div class=\"elementor-button-wrapper\">\n\t\t\t\t\t<a class=\"elementor-button elementor-button-link elementor-size-sm elementor-animation-grow\" href=\"https:\/\/cintatex.com.ar\/principal\/?page_id=115\">\n\t\t\t\t\t\t<span class=\"elementor-button-content-wrapper\">\n\t\t\t\t\t\t\t\t\t<span class=\"elementor-button-text\">\u00a1Conocenos!<\/span>\n\t\t\t\t\t<\/span>\n\t\t\t\t\t<\/a>\n\t\t\t\t<\/div>\n\t\t\t\t\t\t\t\t<\/div>\n\t\t\t\t<\/div>\n\t\t\t\t<\/div>\n\t\t\t\t<\/div>\n\t\t\t\t\t<\/div>\n\t\t\t\t<\/div>\n\t\t<div class=\"elementor-element elementor-element-84d98c0 e-flex e-con-boxed e-con e-parent\" data-id=\"84d98c0\" data-element_type=\"container\" data-e-type=\"container\">\n\t\t\t\t\t<div class=\"e-con-inner\">\n\t\t\t\t<div class=\"elementor-element elementor-element-812194b elementor-widget elementor-widget-heading\" data-id=\"812194b\" data-element_type=\"widget\" data-e-type=\"widget\" data-widget_type=\"heading.default\">\n\t\t\t\t<div class=\"elementor-widget-container\">\n\t\t\t\t\t<h2 class=\"elementor-heading-title elementor-size-default\">\u00bfPrimera vez por ac\u00e1?<\/h2>\t\t\t\t<\/div>\n\t\t\t\t<\/div>\n\t\t\t\t<div class=\"elementor-element elementor-element-eb76052 elementor-widget elementor-widget-button\" data-id=\"eb76052\" data-element_type=\"widget\" data-e-type=\"widget\" data-widget_type=\"button.default\">\n\t\t\t\t<div class=\"elementor-widget-container\">\n\t\t\t\t\t\t\t\t\t<div class=\"elementor-button-wrapper\">\n\t\t\t\t\t<a class=\"elementor-button elementor-button-link elementor-size-sm elementor-animation-grow\" href=\"https:\/\/cintatex.com.ar\/principal\/?page_id=216\">\n\t\t\t\t\t\t<span class=\"elementor-button-content-wrapper\">\n\t\t\t\t\t\t\t\t\t<span class=\"elementor-button-text\">Preguntas Frecuentes<\/span>\n\t\t\t\t\t<\/span>\n\t\t\t\t\t<\/a>\n\t\t\t\t<\/div>\n\t\t\t\t\t\t\t\t<\/div>\n\t\t\t\t<\/div>\n\t\t\t\t\t<\/div>\n\t\t\t\t<\/div>\n\t\t\t\t<\/div>\n\t\t","protected":false},"excerpt":{"rendered":"<p>CINTAS TEXTILES CINTAS TEXTILES PRODUCTOS DESTACADOS RASO DOBLE FAZ FALLETINA GROS CINTATEX SRL Desde 1946, nuestra familia ha estado comprometida con la tradici\u00f3n y la calidad en la fabricaci\u00f3n de cintas textiles, un legado que ha perdurado a lo largo de los a\u00f1os. Nos seguimos adaptando a los cambios del mercado sin perder la esencia [&hellip;]<\/p>\n","protected":false},"author":1,"featured_media":0,"parent":0,"menu_order":0,"comment_status":"closed","ping_status":"open","template":"elementor_header_footer","meta":{"footnotes":""},"class_list":["post-2","page","type-page","status-publish","hentry"],"blocksy_meta":[],"_links":{"self":[{"href":"https:\/\/cintatex.com.ar\/principal\/wp-json\/wp\/v2\/pages\/2","targetHints":{"allow":["GET"]}}],"collection":[{"href":"https:\/\/cintatex.com.ar\/principal\/wp-json\/wp\/v2\/pages"}],"about":[{"href":"https:\/\/cintatex.com.ar\/principal\/wp-json\/wp\/v2\/types\/page"}],"author":[{"embeddable":true,"href":"https:\/\/cintatex.com.ar\/principal\/wp-json\/wp\/v2\/users\/1"}],"replies":[{"embeddable":true,"href":"https:\/\/cintatex.com.ar\/principal\/wp-json\/wp\/v2\/comments?post=2"}],"version-history":[{"count":276,"href":"https:\/\/cintatex.com.ar\/principal\/wp-json\/wp\/v2\/pages\/2\/revisions"}],"predecessor-version":[{"id":2369,"href":"https:\/\/cintatex.com.ar\/principal\/wp-json\/wp\/v2\/pages\/2\/revisions\/2369"}],"wp:attachment":[{"href":"https:\/\/cintatex.com.ar\/principal\/wp-json\/wp\/v2\/media?parent=2"}],"curies":[{"name":"wp","href":"https:\/\/api.w.org\/{rel}","templated":true}]}}