{"id":216,"date":"2024-06-03T13:51:06","date_gmt":"2024-06-03T13:51:06","guid":{"rendered":"http:\/\/localhost\/wordpress\/?page_id=216"},"modified":"2024-10-05T15:27:30","modified_gmt":"2024-10-05T15:27:30","slug":"preguntas-frecuentes","status":"publish","type":"page","link":"https:\/\/cintatex.com.ar\/principal\/preguntas-frecuentes\/","title":{"rendered":"Preguntas Frecuentes"},"content":{"rendered":"\t\t<div data-elementor-type=\"wp-page\" data-elementor-id=\"216\" class=\"elementor elementor-216\" data-elementor-post-type=\"page\">\n\t\t\t\t<div class=\"elementor-element elementor-element-641d5ca e-flex e-con-boxed e-con e-parent\" data-id=\"641d5ca\" data-element_type=\"container\" data-e-type=\"container\">\n\t\t\t\t\t<div class=\"e-con-inner\">\n\t\t\t\t<div class=\"elementor-element elementor-element-f25f3ff elementor-widget elementor-widget-heading\" data-id=\"f25f3ff\" data-element_type=\"widget\" data-e-type=\"widget\" data-widget_type=\"heading.default\">\n\t\t\t\t<div class=\"elementor-widget-container\">\n\t\t\t\t\t<h2 class=\"elementor-heading-title elementor-size-default\">PREGUNTAS FRECUENTES<\/h2>\t\t\t\t<\/div>\n\t\t\t\t<\/div>\n\t\t<div class=\"elementor-element elementor-element-20ef04e e-flex e-con-boxed e-con e-child\" data-id=\"20ef04e\" data-element_type=\"container\" data-e-type=\"container\">\n\t\t\t\t\t<div class=\"e-con-inner\">\n\t\t\t\t<div class=\"elementor-element elementor-element-e454d26 elementor-hidden-tablet elementor-hidden-mobile elementor-widget elementor-widget-text-editor\" data-id=\"e454d26\" data-element_type=\"widget\" data-e-type=\"widget\" data-widget_type=\"text-editor.default\">\n\t\t\t\t<div class=\"elementor-widget-container\">\n\t\t\t\t\t\t\t\t\t<p><strong>\u00bfCu\u00e1l es el monto m\u00ednimo de compra?<\/strong><br \/>El monto m\u00ednimo de compra es de 10 piezas por ancho y por color.<\/p><p><strong>\u00bfRealizan env\u00edos al interior?<\/strong><br \/>Si. El transporte es a elecci\u00f3n y a cargo del cliente. Para largas distancias despachamos mediante expresos.<\/p><p><strong>\u00bfC\u00f3mo realizo un pedido?<\/strong><br \/>Para realizar un pedido por primera vez, ten\u00e9s que enviar una <strong><a href=\"https:\/\/cintatex.com.ar\/principal\/?page_id=189\">solicitud de presupuesto<\/a><\/strong> agregando productos a tu carrito.<br \/>Una vez que lo hayas hecho, te vamos a enviar un mail con la informaci\u00f3n solicitada para que confirmes el pedido.<br \/>Si ya compraste o sab\u00e9s lo que quer\u00e9s comprar, pod\u00e9s enviarnos un mensaje a nuestro WhatsApp.<br \/>Record\u00e1 que nuestro horario de atenci\u00f3n es de lunes a viernes, de 08:00 a 13:00 horas.<\/p><p><strong>\u00bfCu\u00e1les son los medios de pago?<\/strong><br \/>Aceptamos transferencias o dep\u00f3sitos a nuestra cuenta.<\/p><p><strong>\u00bfPuedo pasar a retirar mi pedido?<\/strong><br \/>S\u00ed, con cita previa.<\/p><p><strong>\u00bfPuedo pedir factura A?<\/strong><br \/>S\u00ed, ten\u00e9s que avisarnos cuando realiz\u00e1s el pedido.<\/p>\t\t\t\t\t\t\t\t<\/div>\n\t\t\t\t<\/div>\n\t\t\t\t<div class=\"elementor-element elementor-element-2372614 elementor-hidden-desktop elementor-hidden-mobile elementor-widget elementor-widget-text-editor\" data-id=\"2372614\" data-element_type=\"widget\" data-e-type=\"widget\" data-widget_type=\"text-editor.default\">\n\t\t\t\t<div class=\"elementor-widget-container\">\n\t\t\t\t\t\t\t\t\t<p><strong>\u00bfCu\u00e1l es el monto m\u00ednimo de compra?<\/strong><br \/>El monto m\u00ednimo de compra es $600.000.<\/p><p><strong>\u00bfRealizan env\u00edos al interior?<\/strong><br \/>Si. El transporte es a elecci\u00f3n y a cargo del cliente. Para largas distancias despachamos mediante expresos.<\/p><p><strong>\u00bfC\u00f3mo realizo un pedido?<\/strong><br \/>Para realizar un pedido por primera vez, ten\u00e9s que enviar una <a href=\"https:\/\/cintatex.com.ar\/principal\/?page_id=189\"><strong>solicitud de presupuesto<\/strong><\/a> agregando productos a tu carrito.<br \/>Una vez que lo hayas hecho, te vamos a enviar un mail con la informaci\u00f3n solicitada para que confirmes el pedido.<br \/>Si ya compraste o sab\u00e9s lo que quer\u00e9s comprar, pod\u00e9s enviarnos un mensaje a nuestro WhatsApp.<br \/>Record\u00e1 que nuestro horario de atenci\u00f3n es de lunes a viernes, de 08:00 a 13:00 horas.<\/p><p><strong>\u00bfCu\u00e1les son los medios de pago?<\/strong><br \/>Aceptamos transferencias o dep\u00f3sitos a nuestra cuenta.<\/p><p><strong>\u00bfPuedo pasar a retirar mi pedido?<\/strong><br \/>S\u00ed, con cita previa.<\/p><p><strong>\u00bfPuedo pedir factura A?<\/strong><br \/>S\u00ed, ten\u00e9s que avisarnos cuando realiz\u00e1s el pedido.<\/p>\t\t\t\t\t\t\t\t<\/div>\n\t\t\t\t<\/div>\n\t\t\t\t<div class=\"elementor-element elementor-element-0e93742 elementor-hidden-desktop elementor-hidden-tablet elementor-widget elementor-widget-text-editor\" data-id=\"0e93742\" data-element_type=\"widget\" data-e-type=\"widget\" data-widget_type=\"text-editor.default\">\n\t\t\t\t<div class=\"elementor-widget-container\">\n\t\t\t\t\t\t\t\t\t<p><strong>\u00bfCu\u00e1l es el monto m\u00ednimo de compra?<\/strong><br \/>El monto m\u00ednimo de compra es $600.000.<\/p><p><strong>\u00bfRealizan env\u00edos al interior?<\/strong><br \/>Si. El transporte es a elecci\u00f3n y a cargo del cliente. Para largas distancias despachamos mediante expresos.<\/p><p><strong>\u00bfC\u00f3mo realizo un pedido?<\/strong><br \/>Para realizar un pedido por primera vez, ten\u00e9s que enviar una <a href=\"https:\/\/cintatex.com.ar\/principal\/?page_id=189\"><strong>solicitud de presupuesto<\/strong><\/a> agregando productos a tu carrito.<br \/>Una vez que lo hayas hecho, te vamos a enviar un mail con la informaci\u00f3n solicitada para que confirmes el pedido.<br \/>Si ya compraste o sab\u00e9s lo que quer\u00e9s comprar, pod\u00e9s enviarnos un mensaje a nuestro WhatsApp.<br \/>Record\u00e1 que nuestro horario de atenci\u00f3n es de lunes a viernes, de 08:00 a 13:00 horas.<\/p><p><strong>\u00bfCu\u00e1les son los medios de pago?<\/strong><br \/>Aceptamos transferencias o dep\u00f3sitos a nuestra cuenta.<\/p><p><strong>\u00bfPuedo pasar a retirar mi pedido?<\/strong><br \/>S\u00ed, con cita previa.<\/p><p><strong>\u00bfPuedo pedir factura A?<\/strong><br \/>S\u00ed, ten\u00e9s que avisarnos cuando realiz\u00e1s el pedido.<\/p>\t\t\t\t\t\t\t\t<\/div>\n\t\t\t\t<\/div>\n\t\t\t\t\t<\/div>\n\t\t\t\t<\/div>\n\t\t\t\t<div class=\"elementor-element elementor-element-4e5306c elementor-widget elementor-widget-heading\" data-id=\"4e5306c\" data-element_type=\"widget\" data-e-type=\"widget\" data-widget_type=\"heading.default\">\n\t\t\t\t<div class=\"elementor-widget-container\">\n\t\t\t\t\t<h2 class=\"elementor-heading-title elementor-size-default\">\u00bfNo resolvimos tu duda?\n\n\nSi necesit\u00e1s ayuda, pod\u00e9s enviarnos un mail:<\/h2>\t\t\t\t<\/div>\n\t\t\t\t<\/div>\n\t\t<div class=\"elementor-element elementor-element-4a15ece e-flex e-con-boxed e-con e-child\" data-id=\"4a15ece\" data-element_type=\"container\" data-e-type=\"container\">\n\t\t\t\t\t<div class=\"e-con-inner\">\n\t\t\t\t<div class=\"elementor-element elementor-element-a037d6f elementor-button-align-stretch elementor-widget elementor-widget-form\" data-id=\"a037d6f\" data-element_type=\"widget\" data-e-type=\"widget\" data-settings=\"{&quot;step_next_label&quot;:&quot;Next&quot;,&quot;step_previous_label&quot;:&quot;Previous&quot;,&quot;button_width&quot;:&quot;100&quot;,&quot;step_type&quot;:&quot;number_text&quot;,&quot;step_icon_shape&quot;:&quot;circle&quot;}\" data-widget_type=\"form.default\">\n\t\t\t\t<div class=\"elementor-widget-container\">\n\t\t\t\t\t\t\t<form class=\"elementor-form\" method=\"post\" name=\"New Form\" aria-label=\"New Form\">\n\t\t\t<input type=\"hidden\" name=\"post_id\" value=\"216\"\/>\n\t\t\t<input type=\"hidden\" name=\"form_id\" value=\"a037d6f\"\/>\n\t\t\t<input type=\"hidden\" name=\"referer_title\" value=\"\" \/>\n\n\t\t\t\n\t\t\t<div class=\"elementor-form-fields-wrapper elementor-labels-above\">\n\t\t\t\t\t\t\t\t<div class=\"elementor-field-type-text elementor-field-group elementor-column elementor-field-group-name elementor-col-100\">\n\t\t\t\t\t\t\t\t\t\t\t\t<label for=\"form-field-name\" class=\"elementor-field-label\">\n\t\t\t\t\t\t\t\tNombre\t\t\t\t\t\t\t<\/label>\n\t\t\t\t\t\t\t\t\t\t\t\t\t\t<input size=\"1\" type=\"text\" name=\"form_fields[name]\" id=\"form-field-name\" class=\"elementor-field elementor-size-sm  elementor-field-textual\" placeholder=\"Nombre\">\n\t\t\t\t\t\t\t\t\t\t\t<\/div>\n\t\t\t\t\t\t\t\t<div class=\"elementor-field-type-email elementor-field-group elementor-column elementor-field-group-email elementor-col-100 elementor-field-required\">\n\t\t\t\t\t\t\t\t\t\t\t\t<label for=\"form-field-email\" class=\"elementor-field-label\">\n\t\t\t\t\t\t\t\tEmail\t\t\t\t\t\t\t<\/label>\n\t\t\t\t\t\t\t\t\t\t\t\t\t\t<input size=\"1\" type=\"email\" name=\"form_fields[email]\" id=\"form-field-email\" class=\"elementor-field elementor-size-sm  elementor-field-textual\" placeholder=\"Email\" required=\"required\">\n\t\t\t\t\t\t\t\t\t\t\t<\/div>\n\t\t\t\t\t\t\t\t<div class=\"elementor-field-type-textarea elementor-field-group elementor-column elementor-field-group-message elementor-col-100\">\n\t\t\t\t\t\t\t\t\t\t\t\t<label for=\"form-field-message\" class=\"elementor-field-label\">\n\t\t\t\t\t\t\t\tMensaje\t\t\t\t\t\t\t<\/label>\n\t\t\t\t\t\t<textarea class=\"elementor-field-textual elementor-field  elementor-size-sm\" name=\"form_fields[message]\" id=\"form-field-message\" rows=\"4\" placeholder=\"Mensaje\"><\/textarea>\t\t\t\t<\/div>\n\t\t\t\t\t\t\t\t<div class=\"elementor-field-group elementor-column elementor-field-type-submit elementor-col-100 e-form__buttons\">\n\t\t\t\t\t<button class=\"elementor-button elementor-size-sm\" type=\"submit\">\n\t\t\t\t\t\t<span class=\"elementor-button-content-wrapper\">\n\t\t\t\t\t\t\t\t\t\t\t\t\t\t\t\t\t\t\t\t\t\t<span class=\"elementor-button-text\">Enviar<\/span>\n\t\t\t\t\t\t\t\t\t\t\t\t\t<\/span>\n\t\t\t\t\t<\/button>\n\t\t\t\t<\/div>\n\t\t\t<\/div>\n\t\t<\/form>\n\t\t\t\t\t\t<\/div>\n\t\t\t\t<\/div>\n\t\t\t\t\t<\/div>\n\t\t\t\t<\/div>\n\t\t\t\t\t<\/div>\n\t\t\t\t<\/div>\n\t\t\t\t<\/div>\n\t\t","protected":false},"excerpt":{"rendered":"<p>PREGUNTAS FRECUENTES \u00bfCu\u00e1l es el monto m\u00ednimo de compra?El monto m\u00ednimo de compra es de 10 piezas por ancho y por color. \u00bfRealizan env\u00edos al interior?Si. El transporte es a elecci\u00f3n y a cargo del cliente. Para largas distancias despachamos mediante expresos. \u00bfC\u00f3mo realizo un pedido?Para realizar un pedido por primera vez, ten\u00e9s que enviar [&hellip;]<\/p>\n","protected":false},"author":1,"featured_media":0,"parent":0,"menu_order":0,"comment_status":"closed","ping_status":"closed","template":"","meta":{"footnotes":""},"class_list":["post-216","page","type-page","status-publish","hentry"],"blocksy_meta":[],"_links":{"self":[{"href":"https:\/\/cintatex.com.ar\/principal\/wp-json\/wp\/v2\/pages\/216","targetHints":{"allow":["GET"]}}],"collection":[{"href":"https:\/\/cintatex.com.ar\/principal\/wp-json\/wp\/v2\/pages"}],"about":[{"href":"https:\/\/cintatex.com.ar\/principal\/wp-json\/wp\/v2\/types\/page"}],"author":[{"embeddable":true,"href":"https:\/\/cintatex.com.ar\/principal\/wp-json\/wp\/v2\/users\/1"}],"replies":[{"embeddable":true,"href":"https:\/\/cintatex.com.ar\/principal\/wp-json\/wp\/v2\/comments?post=216"}],"version-history":[{"count":61,"href":"https:\/\/cintatex.com.ar\/principal\/wp-json\/wp\/v2\/pages\/216\/revisions"}],"predecessor-version":[{"id":2280,"href":"https:\/\/cintatex.com.ar\/principal\/wp-json\/wp\/v2\/pages\/216\/revisions\/2280"}],"wp:attachment":[{"href":"https:\/\/cintatex.com.ar\/principal\/wp-json\/wp\/v2\/media?parent=216"}],"curies":[{"name":"wp","href":"https:\/\/api.w.org\/{rel}","templated":true}]}}